{"id":12,"date":"2020-11-06T12:42:43","date_gmt":"2020-11-06T12:42:43","guid":{"rendered":"http:\/\/localhost\/togo\/?page_id=11"},"modified":"2021-02-28T13:47:09","modified_gmt":"2021-02-28T10:47:09","slug":"about-us","status":"publish","type":"page","link":"https:\/\/yildizlargroup.com.tr\/index.php\/about-us\/","title":{"rendered":"Hakk\u0131m\u0131zda"},"content":{"rendered":"[vc_row row_type=&#8221;main-section&#8221; wr_section_layout=&#8221;section_grid&#8221; wr_default_pad=&#8221;pt-100 pb-100&#8243;][vc_column][vc_row_inner][vc_column_inner width=&#8221;1\/2&#8243;]<div class=\"sec-title  \"><h6 class=\"small-title\" style=\"\">Y\u0131ld\u0131zlar Group<\/h6><h4 class=\"title\" style=\"\">Hakk\u0131m\u0131zda<\/h4><\/div><div class=\"sec-text  \" style=\"margin:0px 0px 0px 0px;\"><p>Y\u0131ld\u0131zlar \u0130n\u015faat 1992 y\u0131l\u0131nda Malatya\u2019da in\u015faat taahh\u00fct i\u015fleri yapmak \u00fczere kurulmu\u015ftur. Kurulu\u015fundan itibaren \u00f6zverili ve titiz \u00e7al\u0131\u015fmalar\u0131 ile kendini geli\u015ftiren firmam\u0131z g\u00fc\u00e7l\u00fc kadrosu ve kaliteli hizmeti ile b\u00fcy\u00fck \u00f6l\u00e7ekli ve k\u0131sa s\u00fcrede tamamlanan in\u015faat projelerinin aran\u0131lan firmas\u0131 olmu\u015ftur. 2018 y\u0131l\u0131nda Bainta\u015f \u0130n\u015faat Proje ve M\u00fc\u015favirlik A.\u015e. ile YILDIZLAR GROUP \u00e7at\u0131s\u0131 alt\u0131nda birle\u015ferek kurumsal yap\u0131s\u0131na g\u00fc\u00e7 katm\u0131\u015ft\u0131r. Y\u0131ld\u0131zlar Group taahh\u00fct etti\u011fi i\u015flerde s\u00f6zle\u015fme \u015fartlar\u0131n\u0131 tam ve zaman\u0131nda yerine getirmesi ile kurumlar ve m\u00fc\u015fterileri taraf\u0131ndan tercih edilen firma haline gelmi\u015ftir.<\/p>\n<p>Kentsel yenileme projelerine 2008 y\u0131l\u0131nda ba\u015flayarak, devam eden s\u00fcre\u00e7te bir\u00e7ok \u00f6zel ve kamusal yenileme projeleriyle bu alanda uzman in\u015faat firmas\u0131 rol\u00fcn\u00fc \u00fcstlenmi\u015ftir.<\/p>\n<p>Firmam\u0131z \u00e7al\u0131\u015fanlar\u0131, prosesin her a\u015famas\u0131nda de\u011ferleri y\u00fckseltmek ve kalite ile yar\u0131\u015fmak amac\u0131yla, \u015fartname ve standartlara uygunlu\u011fu sa\u011flayarak, verimlili\u011fi artt\u0131rarak, maliyetleri d\u00fc\u015f\u00fcrecek sistemler geli\u015ftirerek, m\u00fc\u015fteri odakl\u0131, e\u011fitim ve insana \u00f6nem veren bir \u015firket olman\u0131n bilinci i\u00e7erisindedir.<\/p>\n<p>Y\u0131ld\u0131zlar Group m\u00fc\u015fterilerinin ihtiya\u00e7lar\u0131n\u0131 zaman\u0131nda kar\u015f\u0131lamay\u0131, \u00e7al\u0131\u015fanlar\u0131n i\u015f g\u00fcvenli\u011fini sa\u011flamay\u0131, kamu sa\u011fl\u0131\u011f\u0131na ve \u00e7evreye duyarl\u0131 bir \u015fekilde b\u00fcy\u00fcmeyi kendine hedef edinmi\u015ftir. B\u00fcy\u00fcmeyi sadece finansal art\u0131 de\u011fer olarak g\u00f6rmeyip; her ge\u00e7en g\u00fcn daha fazla \u00e7\u00f6z\u00fcm orta\u011f\u0131 edinmek, daha fazla canl\u0131ya ya\u015fam alan\u0131 kurmak ve daha fazla insan hayat\u0131na dokunmak olarak ilke edinmi\u015ftir.<\/p><\/div>[\/vc_column_inner][vc_column_inner width=&#8221;1\/2&#8243;]<div class=\"sec-image \"><img decoding=\"async\" src=\"https:\/\/yildizlargroup.com.tr\/wp-content\/uploads\/2021\/02\/hakkimizda.jpg\" style=\"\" alt=\"hakkimizda\" class=\"img-responsive\"\/><\/div>[\/vc_column_inner][\/vc_row_inner]<div class=\"sec-title  \"><div class=\"about\"><div class=\"yearimg\"><div class=\"numb\" style=\"\">29<\/div><\/div><div class=\"year\"><h4 class=\"title\" style=\"\">Y\u0131ll\u0131k Tecr\u00fcbe<\/h4><\/div><\/div><\/div>[vc_row_inner][vc_column_inner][\/vc_column_inner][\/vc_row_inner][\/vc_column][\/vc_row]\n","protected":false},"excerpt":{"rendered":"<p>[vc_row row_type=&#8221;main-section&#8221; wr_section_layout=&#8221;section_grid&#8221; wr_default_pad=&#8221;pt-100 pb-100&#8243;][vc_column][vc_row_inner][vc_column_inner width=&#8221;1\/2&#8243;][\/vc_column_inner][vc_column_inner width=&#8221;1\/2&#8243;][\/vc_column_inner][\/vc_row_inner][vc_row_inner][vc_column_inner][\/vc_column_inner][\/vc_row_inner][\/vc_column]<\/p>\n","protected":false},"author":1,"featured_media":0,"parent":0,"menu_order":0,"comment_status":"closed","ping_status":"closed","template":"","meta":{"footnotes":"","_links_to":"","_links_to_target":""},"class_list":["post-12","page","type-page","status-publish","hentry"],"_links":{"self":[{"href":"https:\/\/yildizlargroup.com.tr\/index.php\/wp-json\/wp\/v2\/pages\/12","targetHints":{"allow":["GET"]}}],"collection":[{"href":"https:\/\/yildizlargroup.com.tr\/index.php\/wp-json\/wp\/v2\/pages"}],"about":[{"href":"https:\/\/yildizlargroup.com.tr\/index.php\/wp-json\/wp\/v2\/types\/page"}],"author":[{"embeddable":true,"href":"https:\/\/yildizlargroup.com.tr\/index.php\/wp-json\/wp\/v2\/users\/1"}],"replies":[{"embeddable":true,"href":"https:\/\/yildizlargroup.com.tr\/index.php\/wp-json\/wp\/v2\/comments?post=12"}],"version-history":[{"count":10,"href":"https:\/\/yildizlargroup.com.tr\/index.php\/wp-json\/wp\/v2\/pages\/12\/revisions"}],"predecessor-version":[{"id":332,"href":"https:\/\/yildizlargroup.com.tr\/index.php\/wp-json\/wp\/v2\/pages\/12\/revisions\/332"}],"wp:attachment":[{"href":"https:\/\/yildizlargroup.com.tr\/index.php\/wp-json\/wp\/v2\/media?parent=12"}],"curies":[{"name":"wp","href":"https:\/\/api.w.org\/{rel}","templated":true}]}}